{"id":9,"date":"2023-04-21T11:29:44","date_gmt":"2023-04-21T09:29:44","guid":{"rendered":"http:\/\/optique-george-v.com\/?page_id=9"},"modified":"2023-04-21T11:30:59","modified_gmt":"2023-04-21T09:30:59","slug":"accueil","status":"publish","type":"page","link":"https:\/\/optique-george-v.com\/","title":{"rendered":"Accueil"},"content":{"rendered":"\n<p><strong>Bienvenue chez votre opticien<\/strong><\/p>\n\n\n\n<p>Au 71 du boulevard George V \u00e0 Talence, votre opticien Laurent vous accueille avec son \u00e9quipe, aux petits soins pour vos lunettes, qu\u2019elles soient optiques ou bien solaires, classiques ou d\u00e9cal\u00e9es.<br>Vos lunettes m\u00e9ritent toutes les attentions.<br>Dans la boutique, vous \u00eates accompagn\u00e9s par des professionnels passionn\u00e9s qui n\u2019h\u00e9siteront pas \u00e0 s\u2019engager \u00e0 vos c\u00f4t\u00e9s pour faire de vos lunettes un accessoire personnalis\u00e9.<br><strong>C\u2019est l\u2019esprit Optique George V<\/strong><\/p>\n\n\n\n<p>C\u2019est dans l\u2019atelier situ\u00e9 \u00e0 l\u2019arri\u00e8re de la boutique que votre paire de lunettes devient v\u00e9ritablement unique. Ajust\u00e9es et v\u00e9rifi\u00e9es avec la plus grande pr\u00e9cision, vos lunettes prennent vie entre des mains expertes.<br>Nous mettons notre atelier \u00e0 votre disposition pour la r\u00e9paration et l\u2019entretien de vos lunettes. Changement de vis, ajustage ou simple nettoyage, nous sommes l\u00e0 pour vous.<br><strong>C\u2019est la comp\u00e9tence Optique George V<\/strong><\/p>\n","protected":false},"excerpt":{"rendered":"<p>Bienvenue chez votre opticien Au 71 du boulevard George V \u00e0 Talence, votre opticien Laurent vous accueille avec son \u00e9quipe, aux petits soins pour vos lunettes, qu\u2019elles soient optiques ou bien solaires, classiques ou d\u00e9cal\u00e9es.Vos lunettes m\u00e9ritent toutes les attentions.Dans la boutique, vous \u00eates accompagn\u00e9s par des professionnels passionn\u00e9s qui n\u2019h\u00e9siteront pas \u00e0 s\u2019engager \u00e0 &hellip; <\/p>\n<p class=\"link-more\"><a href=\"https:\/\/optique-george-v.com\/\" class=\"more-link\">Continue reading<span class=\"screen-reader-text\"> &#8220;Accueil&#8221;<\/span><\/a><\/p>\n","protected":false},"author":1,"featured_media":0,"parent":0,"menu_order":0,"comment_status":"closed","ping_status":"closed","template":"","meta":{"footnotes":""},"class_list":["post-9","page","type-page","status-publish","hentry"],"_links":{"self":[{"href":"https:\/\/optique-george-v.com\/index.php\/wp-json\/wp\/v2\/pages\/9","targetHints":{"allow":["GET"]}}],"collection":[{"href":"https:\/\/optique-george-v.com\/index.php\/wp-json\/wp\/v2\/pages"}],"about":[{"href":"https:\/\/optique-george-v.com\/index.php\/wp-json\/wp\/v2\/types\/page"}],"author":[{"embeddable":true,"href":"https:\/\/optique-george-v.com\/index.php\/wp-json\/wp\/v2\/users\/1"}],"replies":[{"embeddable":true,"href":"https:\/\/optique-george-v.com\/index.php\/wp-json\/wp\/v2\/comments?post=9"}],"version-history":[{"count":2,"href":"https:\/\/optique-george-v.com\/index.php\/wp-json\/wp\/v2\/pages\/9\/revisions"}],"predecessor-version":[{"id":35,"href":"https:\/\/optique-george-v.com\/index.php\/wp-json\/wp\/v2\/pages\/9\/revisions\/35"}],"wp:attachment":[{"href":"https:\/\/optique-george-v.com\/index.php\/wp-json\/wp\/v2\/media?parent=9"}],"curies":[{"name":"wp","href":"https:\/\/api.w.org\/{rel}","templated":true}]}}